{"id":1280,"date":"2025-11-25T10:17:57","date_gmt":"2025-11-25T09:17:57","guid":{"rendered":"https:\/\/lamechante-cie.fr\/?page_id=1280"},"modified":"2025-12-29T18:04:37","modified_gmt":"2025-12-29T17:04:37","slug":"soutenez-la-compagnie","status":"publish","type":"page","link":"https:\/\/lamechante-cie.fr\/?page_id=1280","title":{"rendered":"Soutenez la Compagnie"},"content":{"rendered":"\n<p><strong>2 fa\u00e7ons<\/strong> de soutenir la M\u00e9chante Compagnie, \u00e0 vous de choisir celle qui vous convient le mieux !<\/p>\n\n\n\n<ul class=\"wp-block-list\">\n<li><\/li>\n<\/ul>\n\n\n\n<ul class=\"wp-block-list\">\n<li class=\"has-medium-font-size\"><strong>1\/ Devenez m\u00e9c\u00e8ne de la M\u00e9chante Compagnie <\/strong><\/li>\n<\/ul>\n\n\n\n<p style=\"font-size:16px\">En faisant un don \u00e0 la M\u00e9chante Compagnie, vous redirigez une partie de vos imp\u00f4ts sur le revenu vers le spectacle vivant :\u00a0<strong>Les dons ouvrent droit \u00e0 une r\u00e9duction d&#8217;imp\u00f4t sur le revenu \u00e9gale \u00e0 66 % du montant vers\u00e9, dans la limite de 20 % du revenu imposable<\/strong>. Par exemple, un don de 100 euros \u00e0 une r\u00e9duction de 66 \u20ac.<\/p>\n\n\n\n<div class=\"wp-block-buttons is-content-justification-center is-layout-flex wp-container-core-buttons-is-layout-1 wp-block-buttons-is-layout-flex\">\n<div class=\"wp-block-button has-custom-width wp-block-button__width-25 has-custom-font-size has-small-font-size\"><a class=\"wp-block-button__link has-black-background-color has-text-color has-background has-link-color has-text-align-center wp-element-button\" href=\"https:\/\/www.helloasso.com\/associations\/la-mechante-compagnie\/formulaires\/4\" style=\"border-radius:6px;color:#d9cb91\">Formulaire HelloAsso avec re\u00e7u fiscal<\/a><\/div>\n<\/div>\n\n\n\n<p><\/p>\n\n\n\n<hr class=\"wp-block-separator has-alpha-channel-opacity is-style-wide\"\/>\n\n\n\n<ul class=\"wp-block-list\">\n<li class=\"has-medium-font-size\"><strong>2\/ Achetez une s\u00e9rigraphie du spectacle BOOMERANG<\/strong> <strong>\u00e0 partir de 20 euros<\/strong><\/li>\n\n\n\n<li><\/li>\n<\/ul>\n\n\n\n<div class=\"wp-block-columns is-layout-flex wp-container-core-columns-is-layout-1 wp-block-columns-is-layout-flex\">\n<div class=\"wp-block-column has-text-color has-link-color wp-elements-53117067f3377d9802c314dc2b60f86b is-layout-flow wp-block-column-is-layout-flow\" style=\"color:#d1bd76\">\n<figure class=\"wp-block-image size-large\"><img loading=\"lazy\" decoding=\"async\" width=\"1024\" height=\"1024\" src=\"http:\/\/lamechante-cie.fr\/wp-content\/uploads\/2023\/02\/IMG_8719-1024x1024.jpg\" alt=\"\" class=\"wp-image-661\" srcset=\"https:\/\/lamechante-cie.fr\/wp-content\/uploads\/2023\/02\/IMG_8719-1024x1024.jpg 1024w, https:\/\/lamechante-cie.fr\/wp-content\/uploads\/2023\/02\/IMG_8719-300x300.jpg 300w, https:\/\/lamechante-cie.fr\/wp-content\/uploads\/2023\/02\/IMG_8719-150x150.jpg 150w, https:\/\/lamechante-cie.fr\/wp-content\/uploads\/2023\/02\/IMG_8719-768x768.jpg 768w, https:\/\/lamechante-cie.fr\/wp-content\/uploads\/2023\/02\/IMG_8719-1536x1536.jpg 1536w, https:\/\/lamechante-cie.fr\/wp-content\/uploads\/2023\/02\/IMG_8719-2048x2048.jpg 2048w, https:\/\/lamechante-cie.fr\/wp-content\/uploads\/2023\/02\/IMG_8719-60x60.jpg 60w\" sizes=\"auto, (max-width: 1024px) 100vw, 1024px\" \/><\/figure>\n<\/div>\n\n\n\n<div class=\"wp-block-column is-layout-flow wp-block-column-is-layout-flow\">\n<p style=\"font-size:16px\">Dessin original de Prunelle Giordano, en s\u00e9rigraphie, 3 couleurs, num\u00e9rot\u00e9e sign\u00e9e sur 50 exemplaires (dans le monde !)<br>r\u00e9alis\u00e9e de mani\u00e8re artisanale chez Z\u00dcZ\u00dcL\u00dc Bayonne.<\/p>\n\n\n\n<p style=\"font-size:16px\">En achetant cette s\u00e9rigraphie vous d\u00e9corez votre maison ET vous accompagnez la compagnie dans son d\u00e9veloppement ET vous participez \u00e0 la cagnotte pour Avignon 26 !<\/p>\n\n\n\n<p style=\"font-size:16px\">Pour l&#8217;achetez rien de plus simple : cliquez sur le gros bouton, vous allez \u00eatre redirig\u00e9 vers un formulaire en ligne d&#8217;Hello Asso, payez directement 20 euros ou plus et sentez vous libre de donner une contribution \u00e0 hello Asso ou non. Apr\u00e8s paiement la compagnie recevra un mail de confirmation d&#8217;achat (pensez \u00e0 bien renseigner votre adresse postale) et nous vous enverrons la s\u00e9rigraphie bien emball\u00e9e directement chez vous ! Si c&#8217;est un cadeau merci de nous le dire afin que nous pr\u00e9parions un emballage sp\u00e9cial.<\/p>\n\n\n\n<p><\/p>\n\n\n\n<div class=\"wp-block-buttons is-layout-flex wp-block-buttons-is-layout-flex\">\n<div class=\"wp-block-button has-custom-width wp-block-button__width-75 has-custom-font-size is-style-fill has-small-font-size\"><a class=\"wp-block-button__link has-black-background-color has-text-color has-background has-link-color has-text-align-center wp-element-button\" href=\"https:\/\/www.helloasso.com\/associations\/la-mechante-compagnie\/paiements\/serigraphies-boomerang\" style=\"border-radius:7px;color:#d9cb91\" target=\"_blank\" rel=\"noreferrer noopener\">achetez en ligne<\/a><\/div>\n<\/div>\n<\/div>\n<\/div>\n\n\n\n<div class=\"wp-block-buttons is-layout-flex wp-block-buttons-is-layout-flex\"><\/div>\n\n\n\n<p><\/p>\n","protected":false},"excerpt":{"rendered":"<p>2 fa\u00e7ons de soutenir la M\u00e9chante Compagnie, \u00e0 vous de choisir celle qui vous convient le mieux ! En faisant un don \u00e0 la M\u00e9chante Compagnie, vous redirigez une partie de vos imp\u00f4ts sur le revenu vers le spectacle vivant :\u00a0Les dons ouvrent droit \u00e0 une r\u00e9duction d&#8217;imp\u00f4t sur le revenu \u00e9gale \u00e0 66 % &hellip; <\/p>\n","protected":false},"author":1,"featured_media":0,"parent":0,"menu_order":0,"comment_status":"closed","ping_status":"closed","template":"","meta":{"footnotes":""},"class_list":["post-1280","page","type-page","status-publish","hentry"],"_links":{"self":[{"href":"https:\/\/lamechante-cie.fr\/index.php?rest_route=\/wp\/v2\/pages\/1280","targetHints":{"allow":["GET"]}}],"collection":[{"href":"https:\/\/lamechante-cie.fr\/index.php?rest_route=\/wp\/v2\/pages"}],"about":[{"href":"https:\/\/lamechante-cie.fr\/index.php?rest_route=\/wp\/v2\/types\/page"}],"author":[{"embeddable":true,"href":"https:\/\/lamechante-cie.fr\/index.php?rest_route=\/wp\/v2\/users\/1"}],"replies":[{"embeddable":true,"href":"https:\/\/lamechante-cie.fr\/index.php?rest_route=%2Fwp%2Fv2%2Fcomments&post=1280"}],"version-history":[{"count":24,"href":"https:\/\/lamechante-cie.fr\/index.php?rest_route=\/wp\/v2\/pages\/1280\/revisions"}],"predecessor-version":[{"id":1338,"href":"https:\/\/lamechante-cie.fr\/index.php?rest_route=\/wp\/v2\/pages\/1280\/revisions\/1338"}],"wp:attachment":[{"href":"https:\/\/lamechante-cie.fr\/index.php?rest_route=%2Fwp%2Fv2%2Fmedia&parent=1280"}],"curies":[{"name":"wp","href":"https:\/\/api.w.org\/{rel}","templated":true}]}}