{"id":587,"date":"2023-01-11T07:45:09","date_gmt":"2023-01-11T06:45:09","guid":{"rendered":"http:\/\/lamechante-cie.fr\/?page_id=587"},"modified":"2025-09-11T11:59:39","modified_gmt":"2025-09-11T09:59:39","slug":"hors-lits","status":"publish","type":"page","link":"https:\/\/lamechante-cie.fr\/?page_id=587","title":{"rendered":"Hors Lits"},"content":{"rendered":"\n<p>Parce que nous aimons et d\u00e9veloppons \u201c<em>des spectacles tout terrain<\/em>\u201d, depuis 2020, la M\u00e9chante Cie organise des soir\u00e9es Hors Lits Bayonne, d&#8217;apr\u00e8s le concept <a href=\"https:\/\/horslits.com\/\">Hors Lits<\/a>.<\/p>\n\n\n\n<figure class=\"wp-block-image size-large\"><img loading=\"lazy\" decoding=\"async\" width=\"1024\" height=\"532\" src=\"https:\/\/lamechante-cie.fr\/wp-content\/uploads\/2023\/01\/81675165_109610017231526_7137823814422888448_n-1024x532.jpg\" alt=\"\" class=\"wp-image-588\" srcset=\"https:\/\/lamechante-cie.fr\/wp-content\/uploads\/2023\/01\/81675165_109610017231526_7137823814422888448_n-1024x532.jpg 1024w, https:\/\/lamechante-cie.fr\/wp-content\/uploads\/2023\/01\/81675165_109610017231526_7137823814422888448_n-300x156.jpg 300w, https:\/\/lamechante-cie.fr\/wp-content\/uploads\/2023\/01\/81675165_109610017231526_7137823814422888448_n-768x399.jpg 768w, https:\/\/lamechante-cie.fr\/wp-content\/uploads\/2023\/01\/81675165_109610017231526_7137823814422888448_n-115x60.jpg 115w, https:\/\/lamechante-cie.fr\/wp-content\/uploads\/2023\/01\/81675165_109610017231526_7137823814422888448_n.jpg 1300w\" sizes=\"auto, (max-width: 1024px) 100vw, 1024px\" \/><\/figure>\n\n\n\n<p><strong>Le concept : <\/strong>Nous invitons des artistes de diff\u00e9rentes disciplines du spectacle vivant \u00e0 venir pr\u00e9senter des formats de <strong>20 minutes<\/strong> max. pour lesquels ils ont <strong>carte blanche<\/strong>. Ce sont des performances propos\u00e9es chez des particuliers : maison, jardin, appartement. Les spectateurs qui s\u2019inscrivent, ne savent pas ce qu\u2019ils vont voir. Nous les accueillons dans un quartier de Bayonne et nous les emmenons pour un parcours \u201csurprise\u201d. Au cours de la soir\u00e9e ils assistent \u00e0 trois performances propos\u00e9es par trois compagnies dans <strong>trois lieux atypiques<\/strong>. La jauge \u00e9tant restreinte, les artistes jouent quatre fois dans la soir\u00e9e  : cette performance est une v\u00e9ritable exp\u00e9rience \u00e0 vivre ! Le concept Hors-Lits est r\u00e9alis\u00e9 de mani\u00e8re b\u00e9n\u00e9vole par la compagnie. Seuls les artistes programm\u00e9s sont r\u00e9mun\u00e9r\u00e9s sur la base d\u2019un partage de la billetterie.<\/p>\n\n\n\n<figure class=\"wp-block-gallery has-nested-images columns-default is-cropped wp-block-gallery-1 is-layout-flex wp-block-gallery-is-layout-flex\">\n<figure class=\"wp-block-image size-large\"><img loading=\"lazy\" decoding=\"async\" width=\"819\" height=\"1024\" data-id=\"1233\" src=\"https:\/\/lamechante-cie.fr\/wp-content\/uploads\/2025\/09\/420627974_1410825976503205_7923783567231363595_n-819x1024.jpg\" alt=\"\" class=\"wp-image-1233\" srcset=\"https:\/\/lamechante-cie.fr\/wp-content\/uploads\/2025\/09\/420627974_1410825976503205_7923783567231363595_n-819x1024.jpg 819w, https:\/\/lamechante-cie.fr\/wp-content\/uploads\/2025\/09\/420627974_1410825976503205_7923783567231363595_n-240x300.jpg 240w, https:\/\/lamechante-cie.fr\/wp-content\/uploads\/2025\/09\/420627974_1410825976503205_7923783567231363595_n-768x960.jpg 768w, https:\/\/lamechante-cie.fr\/wp-content\/uploads\/2025\/09\/420627974_1410825976503205_7923783567231363595_n-1229x1536.jpg 1229w, https:\/\/lamechante-cie.fr\/wp-content\/uploads\/2025\/09\/420627974_1410825976503205_7923783567231363595_n-48x60.jpg 48w, https:\/\/lamechante-cie.fr\/wp-content\/uploads\/2025\/09\/420627974_1410825976503205_7923783567231363595_n.jpg 1440w\" sizes=\"auto, (max-width: 819px) 100vw, 819px\" \/><figcaption class=\"wp-element-caption\">HLB#09<\/figcaption><\/figure>\n\n\n\n<figure class=\"wp-block-image size-large\"><img loading=\"lazy\" decoding=\"async\" width=\"1024\" height=\"1024\" data-id=\"1241\" src=\"https:\/\/lamechante-cie.fr\/wp-content\/uploads\/2025\/09\/484583550_1478152016739015_607665845551273284_n-1024x1024.jpg\" alt=\"\" class=\"wp-image-1241\" srcset=\"https:\/\/lamechante-cie.fr\/wp-content\/uploads\/2025\/09\/484583550_1478152016739015_607665845551273284_n-1024x1024.jpg 1024w, https:\/\/lamechante-cie.fr\/wp-content\/uploads\/2025\/09\/484583550_1478152016739015_607665845551273284_n-300x300.jpg 300w, https:\/\/lamechante-cie.fr\/wp-content\/uploads\/2025\/09\/484583550_1478152016739015_607665845551273284_n-150x150.jpg 150w, https:\/\/lamechante-cie.fr\/wp-content\/uploads\/2025\/09\/484583550_1478152016739015_607665845551273284_n-768x768.jpg 768w, https:\/\/lamechante-cie.fr\/wp-content\/uploads\/2025\/09\/484583550_1478152016739015_607665845551273284_n-60x60.jpg 60w, https:\/\/lamechante-cie.fr\/wp-content\/uploads\/2025\/09\/484583550_1478152016739015_607665845551273284_n.jpg 1500w\" sizes=\"auto, (max-width: 1024px) 100vw, 1024px\" \/><figcaption class=\"wp-element-caption\">HLB#07<\/figcaption><\/figure>\n\n\n\n<figure class=\"wp-block-image size-large\"><img loading=\"lazy\" decoding=\"async\" width=\"768\" height=\"1024\" data-id=\"1235\" src=\"https:\/\/lamechante-cie.fr\/wp-content\/uploads\/2025\/09\/485729067_1485111959376354_8645927718232267226_n-768x1024.jpg\" alt=\"\" class=\"wp-image-1235\" srcset=\"https:\/\/lamechante-cie.fr\/wp-content\/uploads\/2025\/09\/485729067_1485111959376354_8645927718232267226_n-768x1024.jpg 768w, https:\/\/lamechante-cie.fr\/wp-content\/uploads\/2025\/09\/485729067_1485111959376354_8645927718232267226_n-225x300.jpg 225w, https:\/\/lamechante-cie.fr\/wp-content\/uploads\/2025\/09\/485729067_1485111959376354_8645927718232267226_n-45x60.jpg 45w, https:\/\/lamechante-cie.fr\/wp-content\/uploads\/2025\/09\/485729067_1485111959376354_8645927718232267226_n.jpg 960w\" sizes=\"auto, (max-width: 768px) 100vw, 768px\" \/><figcaption class=\"wp-element-caption\">HLB#08<\/figcaption><\/figure>\n\n\n\n<figure class=\"wp-block-image size-large\"><img loading=\"lazy\" decoding=\"async\" width=\"751\" height=\"1024\" data-id=\"1236\" src=\"https:\/\/lamechante-cie.fr\/wp-content\/uploads\/2025\/09\/485730877_1485111949376355_4278634280040542163_n-751x1024.jpg\" alt=\"\" class=\"wp-image-1236\" srcset=\"https:\/\/lamechante-cie.fr\/wp-content\/uploads\/2025\/09\/485730877_1485111949376355_4278634280040542163_n-751x1024.jpg 751w, https:\/\/lamechante-cie.fr\/wp-content\/uploads\/2025\/09\/485730877_1485111949376355_4278634280040542163_n-220x300.jpg 220w, https:\/\/lamechante-cie.fr\/wp-content\/uploads\/2025\/09\/485730877_1485111949376355_4278634280040542163_n-768x1048.jpg 768w, https:\/\/lamechante-cie.fr\/wp-content\/uploads\/2025\/09\/485730877_1485111949376355_4278634280040542163_n-1126x1536.jpg 1126w, https:\/\/lamechante-cie.fr\/wp-content\/uploads\/2025\/09\/485730877_1485111949376355_4278634280040542163_n-44x60.jpg 44w, https:\/\/lamechante-cie.fr\/wp-content\/uploads\/2025\/09\/485730877_1485111949376355_4278634280040542163_n-293x400.jpg 293w, https:\/\/lamechante-cie.fr\/wp-content\/uploads\/2025\/09\/485730877_1485111949376355_4278634280040542163_n.jpg 1501w\" sizes=\"auto, (max-width: 751px) 100vw, 751px\" \/><figcaption class=\"wp-element-caption\">HLB#08<\/figcaption><\/figure>\n\n\n\n<figure class=\"wp-block-image size-large\"><img loading=\"lazy\" decoding=\"async\" width=\"768\" height=\"1024\" data-id=\"1237\" src=\"https:\/\/lamechante-cie.fr\/wp-content\/uploads\/2025\/09\/489220093_1501654447722105_8220219435526233153_n-768x1024.jpg\" alt=\"\" class=\"wp-image-1237\" srcset=\"https:\/\/lamechante-cie.fr\/wp-content\/uploads\/2025\/09\/489220093_1501654447722105_8220219435526233153_n-768x1024.jpg 768w, https:\/\/lamechante-cie.fr\/wp-content\/uploads\/2025\/09\/489220093_1501654447722105_8220219435526233153_n-225x300.jpg 225w, https:\/\/lamechante-cie.fr\/wp-content\/uploads\/2025\/09\/489220093_1501654447722105_8220219435526233153_n-1152x1536.jpg 1152w, https:\/\/lamechante-cie.fr\/wp-content\/uploads\/2025\/09\/489220093_1501654447722105_8220219435526233153_n-45x60.jpg 45w, https:\/\/lamechante-cie.fr\/wp-content\/uploads\/2025\/09\/489220093_1501654447722105_8220219435526233153_n.jpg 1536w\" sizes=\"auto, (max-width: 768px) 100vw, 768px\" \/><figcaption class=\"wp-element-caption\">HLB#10<\/figcaption><\/figure>\n\n\n\n<figure class=\"wp-block-image size-large\"><img loading=\"lazy\" decoding=\"async\" width=\"768\" height=\"1024\" data-id=\"1240\" src=\"https:\/\/lamechante-cie.fr\/wp-content\/uploads\/2025\/09\/494616851_1521870145700535_5956486325077455606_n-768x1024.jpg\" alt=\"\" class=\"wp-image-1240\" srcset=\"https:\/\/lamechante-cie.fr\/wp-content\/uploads\/2025\/09\/494616851_1521870145700535_5956486325077455606_n-768x1024.jpg 768w, https:\/\/lamechante-cie.fr\/wp-content\/uploads\/2025\/09\/494616851_1521870145700535_5956486325077455606_n-225x300.jpg 225w, https:\/\/lamechante-cie.fr\/wp-content\/uploads\/2025\/09\/494616851_1521870145700535_5956486325077455606_n-1152x1536.jpg 1152w, https:\/\/lamechante-cie.fr\/wp-content\/uploads\/2025\/09\/494616851_1521870145700535_5956486325077455606_n-45x60.jpg 45w, https:\/\/lamechante-cie.fr\/wp-content\/uploads\/2025\/09\/494616851_1521870145700535_5956486325077455606_n.jpg 1536w\" sizes=\"auto, (max-width: 768px) 100vw, 768px\" \/><figcaption class=\"wp-element-caption\">HLB#11<\/figcaption><\/figure>\n\n\n\n<figure class=\"wp-block-image size-large\"><img loading=\"lazy\" decoding=\"async\" width=\"1024\" height=\"1024\" data-id=\"1242\" src=\"https:\/\/lamechante-cie.fr\/wp-content\/uploads\/2025\/09\/483512819_1478152090072341_1652997309764334057_n-1024x1024.jpg\" alt=\"\" class=\"wp-image-1242\" srcset=\"https:\/\/lamechante-cie.fr\/wp-content\/uploads\/2025\/09\/483512819_1478152090072341_1652997309764334057_n-1024x1024.jpg 1024w, https:\/\/lamechante-cie.fr\/wp-content\/uploads\/2025\/09\/483512819_1478152090072341_1652997309764334057_n-300x300.jpg 300w, https:\/\/lamechante-cie.fr\/wp-content\/uploads\/2025\/09\/483512819_1478152090072341_1652997309764334057_n-150x150.jpg 150w, https:\/\/lamechante-cie.fr\/wp-content\/uploads\/2025\/09\/483512819_1478152090072341_1652997309764334057_n-768x768.jpg 768w, https:\/\/lamechante-cie.fr\/wp-content\/uploads\/2025\/09\/483512819_1478152090072341_1652997309764334057_n-60x60.jpg 60w, https:\/\/lamechante-cie.fr\/wp-content\/uploads\/2025\/09\/483512819_1478152090072341_1652997309764334057_n.jpg 1500w\" sizes=\"auto, (max-width: 1024px) 100vw, 1024px\" \/><figcaption class=\"wp-element-caption\">HLB#07<\/figcaption><\/figure>\n\n\n\n<figure class=\"wp-block-image size-large\"><img loading=\"lazy\" decoding=\"async\" width=\"668\" height=\"1024\" data-id=\"1244\" src=\"https:\/\/lamechante-cie.fr\/wp-content\/uploads\/2025\/09\/481479668_1469481534272730_5839343939738769156_n-668x1024.jpg\" alt=\"\" class=\"wp-image-1244\" srcset=\"https:\/\/lamechante-cie.fr\/wp-content\/uploads\/2025\/09\/481479668_1469481534272730_5839343939738769156_n-668x1024.jpg 668w, https:\/\/lamechante-cie.fr\/wp-content\/uploads\/2025\/09\/481479668_1469481534272730_5839343939738769156_n-196x300.jpg 196w, https:\/\/lamechante-cie.fr\/wp-content\/uploads\/2025\/09\/481479668_1469481534272730_5839343939738769156_n-768x1178.jpg 768w, https:\/\/lamechante-cie.fr\/wp-content\/uploads\/2025\/09\/481479668_1469481534272730_5839343939738769156_n-1001x1536.jpg 1001w, https:\/\/lamechante-cie.fr\/wp-content\/uploads\/2025\/09\/481479668_1469481534272730_5839343939738769156_n-39x60.jpg 39w, https:\/\/lamechante-cie.fr\/wp-content\/uploads\/2025\/09\/481479668_1469481534272730_5839343939738769156_n.jpg 1335w\" sizes=\"auto, (max-width: 668px) 100vw, 668px\" \/><figcaption class=\"wp-element-caption\">HLB#06<\/figcaption><\/figure>\n\n\n\n<figure class=\"wp-block-image size-large\"><img loading=\"lazy\" decoding=\"async\" width=\"733\" height=\"1024\" data-id=\"1243\" src=\"https:\/\/lamechante-cie.fr\/wp-content\/uploads\/2025\/09\/482205904_1469482004272683_247440615016973733_n-733x1024.jpg\" alt=\"HLB#06\" class=\"wp-image-1243\" srcset=\"https:\/\/lamechante-cie.fr\/wp-content\/uploads\/2025\/09\/482205904_1469482004272683_247440615016973733_n-733x1024.jpg 733w, https:\/\/lamechante-cie.fr\/wp-content\/uploads\/2025\/09\/482205904_1469482004272683_247440615016973733_n-215x300.jpg 215w, https:\/\/lamechante-cie.fr\/wp-content\/uploads\/2025\/09\/482205904_1469482004272683_247440615016973733_n-768x1073.jpg 768w, https:\/\/lamechante-cie.fr\/wp-content\/uploads\/2025\/09\/482205904_1469482004272683_247440615016973733_n-1100x1536.jpg 1100w, https:\/\/lamechante-cie.fr\/wp-content\/uploads\/2025\/09\/482205904_1469482004272683_247440615016973733_n-430x600.jpg 430w, https:\/\/lamechante-cie.fr\/wp-content\/uploads\/2025\/09\/482205904_1469482004272683_247440615016973733_n-43x60.jpg 43w, https:\/\/lamechante-cie.fr\/wp-content\/uploads\/2025\/09\/482205904_1469482004272683_247440615016973733_n.jpg 1466w\" sizes=\"auto, (max-width: 733px) 100vw, 733px\" \/><figcaption class=\"wp-element-caption\">HLB#06<\/figcaption><\/figure>\n<\/figure>\n\n\n\n<p><strong>Pour nous suivre et vous inscrire :<\/strong><br><a href=\"https:\/\/www.facebook.com\/HorsLitsBayonne\" target=\"_blank\" rel=\"noreferrer noopener\">Facebook<\/a> \/ <a href=\"https:\/\/www.instagram.com\/hors.lits.bayonne\/?hl=fr\" target=\"_blank\" rel=\"noreferrer noopener\">Instagram<\/a> \/ <a href=\"mailto:horslits.bayonne@gmail.com\" target=\"_blank\" rel=\"noreferrer noopener\">Mail<\/a> <\/p>\n\n\n\n<p class=\"has-normal-font-size\"><\/p>\n\n\n\n<p><\/p>\n\n\n\n<p><\/p>\n\n\n\n<p><\/p>\n\n\n\n<p><\/p>\n\n\n\n<p><\/p>\n\n\n\n<p><\/p>\n\n\n\n<p><\/p>\n\n\n\n<p><\/p>\n\n\n\n<p><\/p>\n\n\n\n<p><\/p>\n","protected":false},"excerpt":{"rendered":"<p>Parce que nous aimons et d\u00e9veloppons \u201cdes spectacles tout terrain\u201d, depuis 2020, la M\u00e9chante Cie organise des soir\u00e9es Hors Lits Bayonne, d&#8217;apr\u00e8s le concept Hors Lits. Le concept : Nous invitons des artistes de diff\u00e9rentes disciplines du spectacle vivant \u00e0 venir pr\u00e9senter des formats de 20 minutes max. pour lesquels ils ont carte blanche. Ce &hellip; <\/p>\n","protected":false},"author":1,"featured_media":0,"parent":0,"menu_order":0,"comment_status":"closed","ping_status":"closed","template":"","meta":{"footnotes":""},"class_list":["post-587","page","type-page","status-publish","hentry"],"_links":{"self":[{"href":"https:\/\/lamechante-cie.fr\/index.php?rest_route=\/wp\/v2\/pages\/587","targetHints":{"allow":["GET"]}}],"collection":[{"href":"https:\/\/lamechante-cie.fr\/index.php?rest_route=\/wp\/v2\/pages"}],"about":[{"href":"https:\/\/lamechante-cie.fr\/index.php?rest_route=\/wp\/v2\/types\/page"}],"author":[{"embeddable":true,"href":"https:\/\/lamechante-cie.fr\/index.php?rest_route=\/wp\/v2\/users\/1"}],"replies":[{"embeddable":true,"href":"https:\/\/lamechante-cie.fr\/index.php?rest_route=%2Fwp%2Fv2%2Fcomments&post=587"}],"version-history":[{"count":3,"href":"https:\/\/lamechante-cie.fr\/index.php?rest_route=\/wp\/v2\/pages\/587\/revisions"}],"predecessor-version":[{"id":1246,"href":"https:\/\/lamechante-cie.fr\/index.php?rest_route=\/wp\/v2\/pages\/587\/revisions\/1246"}],"wp:attachment":[{"href":"https:\/\/lamechante-cie.fr\/index.php?rest_route=%2Fwp%2Fv2%2Fmedia&parent=587"}],"curies":[{"name":"wp","href":"https:\/\/api.w.org\/{rel}","templated":true}]}}