{"id":907,"date":"2024-01-17T01:23:28","date_gmt":"2024-01-17T00:23:28","guid":{"rendered":"https:\/\/lamechante-cie.fr\/?page_id=907"},"modified":"2025-11-13T15:51:49","modified_gmt":"2025-11-13T14:51:49","slug":"oser-etre-mechante-compagnie","status":"publish","type":"page","link":"https:\/\/lamechante-cie.fr\/","title":{"rendered":"HOMEPAGE"},"content":{"rendered":"\n<div class=\"wp-block-media-text is-stacked-on-mobile\" style=\"grid-template-columns:43% auto\"><figure class=\"wp-block-media-text__media\"><img loading=\"lazy\" decoding=\"async\" width=\"1024\" height=\"682\" src=\"http:\/\/lamechante-cie.fr\/wp-content\/uploads\/2022\/02\/05-MemePasChap-Z-Studio-1024x682.jpg\" alt=\"\" class=\"wp-image-1265 size-full\" srcset=\"https:\/\/lamechante-cie.fr\/wp-content\/uploads\/2022\/02\/05-MemePasChap-Z-Studio-1024x682.jpg 1024w, https:\/\/lamechante-cie.fr\/wp-content\/uploads\/2022\/02\/05-MemePasChap-Z-Studio-300x200.jpg 300w, https:\/\/lamechante-cie.fr\/wp-content\/uploads\/2022\/02\/05-MemePasChap-Z-Studio-768x511.jpg 768w, https:\/\/lamechante-cie.fr\/wp-content\/uploads\/2022\/02\/05-MemePasChap-Z-Studio-90x60.jpg 90w, https:\/\/lamechante-cie.fr\/wp-content\/uploads\/2022\/02\/05-MemePasChap-Z-Studio.jpg 1181w\" sizes=\"auto, (max-width: 1024px) 100vw, 1024px\" \/><\/figure><div class=\"wp-block-media-text__content\">\n<p style=\"font-size:16px;font-style:normal;font-weight:300;letter-spacing:0px;text-transform:none\">La m\u00e9chante Cie, cr\u00e9\u00e9e en 2020 \u00e0 Bayonne par Prunelle Giordano, s\u2019int\u00e9resse aux faits de soci\u00e9t\u00e9, leurs enjeux politiques et les r\u00e9cits qui en d\u00e9coulent. Th\u00e9\u00e2tre, en salle ou dans la rue, les champs d\u2019exp\u00e9rimentations artistiques de la compagnie sont pluridisciplinaires. Il s\u2019agit avant tout d\u2019histoires puis\u00e9es dans notre imaginaire collectif avant d\u2019\u00eatre retranscrites pour une \u00e9criture de plateau sensible et engag\u00e9e. <strong>Osez \u00eatre en M\u00e9chante Compagnie !<\/strong><\/p>\n<\/div><\/div>\n\n\n\n<hr class=\"wp-block-separator has-alpha-channel-opacity\"\/>\n\n\n\n<div class=\"wp-block-columns is-layout-flex wp-container-core-columns-is-layout-1 wp-block-columns-is-layout-flex\">\n<div class=\"wp-block-column is-layout-flow wp-block-column-is-layout-flow\">\n<div class=\"wp-block-buttons is-layout-flex wp-container-core-buttons-is-layout-1 wp-block-buttons-is-layout-flex\">\n<div class=\"wp-block-button has-custom-width wp-block-button__width-100 has-custom-font-size is-style-fill\" style=\"font-size:14px\"><a class=\"wp-block-button__link has-luminous-vivid-amber-color has-black-background-color has-text-color has-background has-link-color wp-element-button\" href=\"https:\/\/lamechante-cie.fr\/?cat=16\" style=\"border-radius:2px\">Spectacles tout public<\/a><\/div>\n<\/div>\n<\/div>\n\n\n\n<div class=\"wp-block-column is-layout-flow wp-block-column-is-layout-flow\">\n<div class=\"wp-block-buttons is-layout-flex wp-container-core-buttons-is-layout-2 wp-block-buttons-is-layout-flex\">\n<div class=\"wp-block-button has-custom-width wp-block-button__width-100 has-custom-font-size is-style-fill\" style=\"font-size:14px\"><a class=\"wp-block-button__link has-luminous-vivid-amber-color has-black-background-color has-text-color has-background has-link-color wp-element-button\" href=\"https:\/\/lamechante-cie.fr\/?cat=15\" style=\"border-radius:2px\">Spectacles jeune public<\/a><\/div>\n<\/div>\n<\/div>\n\n\n\n<div class=\"wp-block-column is-layout-flow wp-block-column-is-layout-flow\">\n<div class=\"wp-block-buttons is-layout-flex wp-container-core-buttons-is-layout-3 wp-block-buttons-is-layout-flex\">\n<div class=\"wp-block-button has-custom-width wp-block-button__width-100 has-custom-font-size is-style-fill\" style=\"font-size:14px\"><a class=\"wp-block-button__link has-luminous-vivid-amber-color has-black-background-color has-text-color has-background has-link-color wp-element-button\" href=\"https:\/\/lamechante-cie.fr\/?page_id=153\" style=\"border-radius:2px\">La compagnie<\/a><\/div>\n<\/div>\n<\/div>\n<\/div>\n","protected":false},"excerpt":{"rendered":"<p>La m\u00e9chante Cie, cr\u00e9\u00e9e en 2020 \u00e0 Bayonne par Prunelle Giordano, s\u2019int\u00e9resse aux faits de soci\u00e9t\u00e9, leurs enjeux politiques et les r\u00e9cits qui en d\u00e9coulent. Th\u00e9\u00e2tre, en salle ou dans la rue, les champs d\u2019exp\u00e9rimentations artistiques de la compagnie sont pluridisciplinaires. Il s\u2019agit avant tout d\u2019histoires puis\u00e9es dans notre imaginaire collectif avant d\u2019\u00eatre retranscrites pour &hellip; <\/p>\n","protected":false},"author":1,"featured_media":0,"parent":0,"menu_order":0,"comment_status":"closed","ping_status":"closed","template":"","meta":{"footnotes":""},"class_list":["post-907","page","type-page","status-publish","hentry"],"_links":{"self":[{"href":"https:\/\/lamechante-cie.fr\/index.php?rest_route=\/wp\/v2\/pages\/907","targetHints":{"allow":["GET"]}}],"collection":[{"href":"https:\/\/lamechante-cie.fr\/index.php?rest_route=\/wp\/v2\/pages"}],"about":[{"href":"https:\/\/lamechante-cie.fr\/index.php?rest_route=\/wp\/v2\/types\/page"}],"author":[{"embeddable":true,"href":"https:\/\/lamechante-cie.fr\/index.php?rest_route=\/wp\/v2\/users\/1"}],"replies":[{"embeddable":true,"href":"https:\/\/lamechante-cie.fr\/index.php?rest_route=%2Fwp%2Fv2%2Fcomments&post=907"}],"version-history":[{"count":19,"href":"https:\/\/lamechante-cie.fr\/index.php?rest_route=\/wp\/v2\/pages\/907\/revisions"}],"predecessor-version":[{"id":1277,"href":"https:\/\/lamechante-cie.fr\/index.php?rest_route=\/wp\/v2\/pages\/907\/revisions\/1277"}],"wp:attachment":[{"href":"https:\/\/lamechante-cie.fr\/index.php?rest_route=%2Fwp%2Fv2%2Fmedia&parent=907"}],"curies":[{"name":"wp","href":"https:\/\/api.w.org\/{rel}","templated":true}]}}